{"id":3511,"date":"2022-06-29T21:01:38","date_gmt":"2022-06-29T19:01:38","guid":{"rendered":"https:\/\/lifeprobv.quebrantahuesos.org\/partners\/"},"modified":"2023-05-09T19:34:12","modified_gmt":"2023-05-09T17:34:12","slug":"partners","status":"publish","type":"page","link":"https:\/\/lifeprobv.quebrantahuesos.org\/en\/partners\/","title":{"rendered":"Partners"},"content":{"rendered":"<p><div class=\"fusion-fullwidth fullwidth-box fusion-builder-row-1 fusion-flex-container has-pattern-background has-mask-background nonhundred-percent-fullwidth non-hundred-percent-height-scrolling\" style=\"--awb-border-radius-top-left:0px;--awb-border-radius-top-right:0px;--awb-border-radius-bottom-right:0px;--awb-border-radius-bottom-left:0px;--awb-flex-wrap:wrap;\" ><div class=\"fusion-builder-row fusion-row fusion-flex-align-items-flex-start fusion-flex-content-wrap\" style=\"max-width:1414.4px;margin-left: calc(-4% \/ 2 );margin-right: calc(-4% \/ 2 );\"><div class=\"fusion-layout-column fusion_builder_column fusion-builder-column-0 fusion_builder_column_1_1 1_1 fusion-flex-column\" style=\"--awb-overflow:hidden;--awb-bg-size:cover;--awb-border-radius:12px 12px 12px 12px;--awb-width-large:100%;--awb-margin-top-large:0px;--awb-spacing-right-large:1.92%;--awb-margin-bottom-large:0px;--awb-spacing-left-large:1.92%;--awb-width-medium:100%;--awb-order-medium:0;--awb-spacing-right-medium:1.92%;--awb-spacing-left-medium:1.92%;--awb-width-small:100%;--awb-order-small:0;--awb-spacing-right-small:1.92%;--awb-spacing-left-small:1.92%;\"><div class=\"fusion-column-wrapper fusion-column-has-shadow fusion-flex-justify-content-flex-start fusion-content-layout-column\"><div class=\"fusion-image-element \" style=\"--awb-aspect-ratio: 100 \/ 40;--awb-object-position:22% 9%;--awb-caption-title-font-family:var(--h2_typography-font-family);--awb-caption-title-font-weight:var(--h2_typography-font-weight);--awb-caption-title-font-style:var(--h2_typography-font-style);--awb-caption-title-size:var(--h2_typography-font-size);--awb-caption-title-transform:var(--h2_typography-text-transform);--awb-caption-title-line-height:var(--h2_typography-line-height);--awb-caption-title-letter-spacing:var(--h2_typography-letter-spacing);\"><span class=\" fusion-imageframe imageframe-none imageframe-1 hover-type-none has-aspect-ratio\"><img decoding=\"async\" width=\"300\" height=\"200\" title=\"148A9134\" src=\"https:\/\/lifeprobv.quebrantahuesos.org\/wp-content\/uploads\/2023\/04\/148A9134.jpg\" data-orig-src=\"https:\/\/lifeprobv.quebrantahuesos.org\/wp-content\/uploads\/2023\/04\/148A9134-300x200.jpg\" class=\"lazyload img-responsive wp-image-3425 img-with-aspect-ratio\" data-parent-fit=\"cover\" data-parent-container=\".fusion-image-element\" alt srcset=\"data:image\/svg+xml,%3Csvg%20xmlns%3D%27http%3A%2F%2Fwww.w3.org%2F2000%2Fsvg%27%20width%3D%271348%27%20height%3D%27899%27%20viewBox%3D%270%200%201348%20899%27%3E%3Crect%20width%3D%271348%27%20height%3D%27899%27%20fill-opacity%3D%220%22%2F%3E%3C%2Fsvg%3E\" data-srcset=\"https:\/\/lifeprobv.quebrantahuesos.org\/wp-content\/uploads\/2023\/04\/148A9134-200x133.jpg 200w, https:\/\/lifeprobv.quebrantahuesos.org\/wp-content\/uploads\/2023\/04\/148A9134-400x267.jpg 400w, https:\/\/lifeprobv.quebrantahuesos.org\/wp-content\/uploads\/2023\/04\/148A9134-600x400.jpg 600w, https:\/\/lifeprobv.quebrantahuesos.org\/wp-content\/uploads\/2023\/04\/148A9134-800x534.jpg 800w, https:\/\/lifeprobv.quebrantahuesos.org\/wp-content\/uploads\/2023\/04\/148A9134-1200x800.jpg 1200w, https:\/\/lifeprobv.quebrantahuesos.org\/wp-content\/uploads\/2023\/04\/148A9134.jpg 1348w\" data-sizes=\"auto\" data-orig-sizes=\"(max-width: 800px) 100vw, 300px\" \/><\/span><\/div><\/div><\/div><\/div><\/div><div class=\"fusion-fullwidth fullwidth-box fusion-builder-row-2 fusion-flex-container has-pattern-background has-mask-background nonhundred-percent-fullwidth non-hundred-percent-height-scrolling\" style=\"--awb-border-radius-top-left:0px;--awb-border-radius-top-right:0px;--awb-border-radius-bottom-right:0px;--awb-border-radius-bottom-left:0px;--awb-margin-top:20px;--awb-flex-wrap:wrap;\" ><div class=\"fusion-builder-row fusion-row fusion-flex-align-items-flex-start fusion-flex-justify-content-center fusion-flex-content-wrap\" style=\"max-width:1414.4px;margin-left: calc(-4% \/ 2 );margin-right: calc(-4% \/ 2 );\"><div class=\"fusion-layout-column fusion_builder_column fusion-builder-column-1 fusion_builder_column_3_4 3_4 fusion-flex-column\" style=\"--awb-bg-size:cover;--awb-width-large:75%;--awb-margin-top-large:4%;--awb-spacing-right-large:2.56%;--awb-margin-bottom-large:0px;--awb-spacing-left-large:2.56%;--awb-width-medium:75%;--awb-order-medium:0;--awb-spacing-right-medium:2.56%;--awb-spacing-left-medium:2.56%;--awb-width-small:100%;--awb-order-small:0;--awb-spacing-right-small:1.92%;--awb-spacing-left-small:1.92%;\"><div class=\"fusion-column-wrapper fusion-column-has-shadow fusion-flex-justify-content-flex-start fusion-content-layout-column\"><div class=\"fusion-title title fusion-title-1 fusion-sep-none fusion-title-center fusion-title-text fusion-title-size-two\" style=\"--awb-margin-top-small:10px;--awb-margin-right-small:0px;--awb-margin-bottom-small:10px;--awb-margin-left-small:0px;\"><h2 class=\"fusion-title-heading title-heading-center\" style=\"margin:0;\">Partners<\/h2><\/div><div class=\"fusion-text fusion-text-1\"><p>The project operates in two countries: Portugal and Spain. It is articulated in one coordinating beneficiary and two associated beneficiaries:<\/p>\n<\/div><div class=\"fusion-title title fusion-title-2 fusion-sep-none fusion-title-text fusion-title-size-two\" style=\"--awb-margin-bottom:0px;--awb-margin-top-small:10px;--awb-margin-right-small:0px;--awb-margin-bottom-small:10px;--awb-margin-left-small:0px;--awb-font-size:25px;\"><h2 class=\"fusion-title-heading title-heading-left\" style=\"margin:0;font-size:1em;\"><p style=\"text-align: center;\">COORDINATING BENEFICIARY<\/p><\/h2><\/div><div class=\"fusion-image-element \" style=\"text-align:center;--awb-margin-top:4%;--awb-max-width:300px;--awb-caption-title-font-family:var(--h2_typography-font-family);--awb-caption-title-font-weight:var(--h2_typography-font-weight);--awb-caption-title-font-style:var(--h2_typography-font-style);--awb-caption-title-size:var(--h2_typography-font-size);--awb-caption-title-transform:var(--h2_typography-text-transform);--awb-caption-title-line-height:var(--h2_typography-line-height);--awb-caption-title-letter-spacing:var(--h2_typography-letter-spacing);\"><span class=\" fusion-imageframe imageframe-none imageframe-2 hover-type-none\"><img decoding=\"async\" width=\"362\" height=\"142\" title=\"Logo color\" src=\"data:image\/svg+xml,%3Csvg%20xmlns%3D%27http%3A%2F%2Fwww.w3.org%2F2000%2Fsvg%27%20width%3D%27362%27%20height%3D%27142%27%20viewBox%3D%270%200%20362%20142%27%3E%3Crect%20width%3D%27362%27%20height%3D%27142%27%20fill-opacity%3D%220%22%2F%3E%3C%2Fsvg%3E\" data-orig-src=\"https:\/\/lifeprobv.quebrantahuesos.org\/wp-content\/uploads\/2023\/02\/Logo-color.svg\" alt class=\"lazyload img-responsive wp-image-3273\"\/><\/span><\/div><div class=\"fusion-text fusion-text-2 fusion-text-no-margin\" style=\"--awb-content-alignment:left;--awb-font-size:20px;--awb-text-color:var(--awb-color8);--awb-margin-top:4%;--awb-margin-bottom:4%;\"><p style=\"text-align: center;\"><strong>Foundation for the Conservation of the Bearded Vulture (FCQ)<\/strong><\/p>\n<p>The Foundation for the Conservation of the Bearded Vulture is a non-profit organisation was established in 1995 to promote the conservation of the Bearded Vulture and its habitats. Its headquarters are in Zaragoza (Aragon) and it has an office in Asturias, with a total staff of 15 people.<\/p>\n<p>Since 1995 it has been commissioned by the Diputaci\u00f3n de Arag\u00f3n (where the most important population in the EU is found) with the Bearded Vulture Recovery Plan, which includes:<\/p>\n<p>&#8211; Population monitoring<\/p>\n<p>&#8211; Reduction of threats (poisoning, electrocution, collision, disturbance, hunting, etc.).<\/p>\n<p>&#8211; Directs and manages the Bearded Vulture Rescue and Breeding Centre (CRIAH).<\/p>\n<p>&#8211; Since 1999, he has been a member of the Bearded Vulture Working Group of the Ministry for Ecological Transition (MITECO), which coordinates the Strategy for the Conservation of the Bearded Vulture in Spain,<\/p>\n<p>&#8211; 1998-2005, developed several projects to extend the distribution of the species to other mountains in its former range (Maestrazgo, Moncayo and Picos de Europa), and also implemented risk reduction actions with a view to its potential reintroduction (LIFE98 NAT\/E \/005296, LIFE02 NAT\/E\/8624, Government of Cantabria 2008-09). Between 2013-18 the Bearded Vulture has been successfully reintroduced in Picos de Europa (LIFE NAT\/ES\/000322).<\/p>\n<p>&#8211; It has extensive experience in promoting local rural development linked to nature conservation (e.g. the ProBiodiversity Guarantee mark, which won the EU Natura 2000 award in 2020).<\/p>\n<p>&#8211; Manages a biological station (Pyrenees) and two visitor centres (Pyrenees and Cantabrian Mountains), both receiving 100,000 visits\/year.<\/p>\n<p>&#8211; Transfers knowledge to science, participating in more than 30 research projects with universities and different research centres.<\/p>\n<\/div><div class=\"fusion-section-separator section-separator triangle fusion-section-separator-1\" style=\"--awb-border-bottom:1px solid var(--awb-color3);--awb-spacer-height:1px;--awb-svg-margin-left:2.56%;--awb-svg-margin-right:2.56%;--awb-svg-margin-left-medium:2.56%;--awb-svg-margin-right-medium:2.56%;--awb-svg-margin-left-small:1.92%;--awb-svg-margin-right-small:1.92%;--awb-icon-color:var(--awb-color1);--awb-margin-top:4%;--awb-margin-bottom:4%;\"><div class=\"fusion-section-separator-svg\"><div class=\"divider-candy-arrow bottom\" style=\"top:0px;border-top-color: var(--awb-color2);\"><\/div><div class=\"divider-candy bottom\" style=\"bottom:-21px;border-bottom:1px solid var(--awb-color3);border-left:1px solid var(--awb-color3);\"><\/div><\/div><div class=\"fusion-section-separator-spacer\"><div class=\"fusion-section-separator-spacer-height\"><\/div><\/div><\/div><div class=\"fusion-title title fusion-title-3 fusion-sep-none fusion-title-center fusion-title-text fusion-title-size-two\" style=\"--awb-margin-top:4%;--awb-margin-bottom:0px;--awb-margin-top-small:10px;--awb-margin-right-small:0px;--awb-margin-bottom-small:10px;--awb-margin-left-small:0px;--awb-font-size:25px;\"><h2 class=\"fusion-title-heading title-heading-center\" style=\"margin:0;font-size:1em;\">ASSOCIATED BENEFICIARIES<\/h2><\/div><div class=\"fusion-image-element \" style=\"text-align:center;--awb-margin-top:4%;--awb-max-width:250px;--awb-caption-title-font-family:var(--h2_typography-font-family);--awb-caption-title-font-weight:var(--h2_typography-font-weight);--awb-caption-title-font-style:var(--h2_typography-font-style);--awb-caption-title-size:var(--h2_typography-font-size);--awb-caption-title-transform:var(--h2_typography-text-transform);--awb-caption-title-line-height:var(--h2_typography-line-height);--awb-caption-title-letter-spacing:var(--h2_typography-letter-spacing);\"><span class=\" fusion-imageframe imageframe-none imageframe-3 hover-type-none\"><img decoding=\"async\" width=\"214\" height=\"197\" title=\"ANYH\" src=\"https:\/\/lifeprobv.quebrantahuesos.org\/wp-content\/uploads\/2023\/03\/ANYH.jpg\" data-orig-src=\"https:\/\/lifeprobv.quebrantahuesos.org\/wp-content\/uploads\/2023\/03\/ANYH.jpg\" alt class=\"lazyload img-responsive wp-image-3321\" srcset=\"data:image\/svg+xml,%3Csvg%20xmlns%3D%27http%3A%2F%2Fwww.w3.org%2F2000%2Fsvg%27%20width%3D%27214%27%20height%3D%27197%27%20viewBox%3D%270%200%20214%20197%27%3E%3Crect%20width%3D%27214%27%20height%3D%27197%27%20fill-opacity%3D%220%22%2F%3E%3C%2Fsvg%3E\" data-srcset=\"https:\/\/lifeprobv.quebrantahuesos.org\/wp-content\/uploads\/2023\/03\/ANYH-200x184.jpg 200w, https:\/\/lifeprobv.quebrantahuesos.org\/wp-content\/uploads\/2023\/03\/ANYH.jpg 214w\" data-sizes=\"auto\" data-orig-sizes=\"(max-width: 800px) 100vw, 214px\" \/><\/span><\/div><div class=\"fusion-text fusion-text-3 fusion-text-no-margin\" style=\"--awb-content-alignment:left;--awb-font-size:20px;--awb-text-color:var(--awb-color8);--awb-margin-top:4%;--awb-margin-bottom:4%;\"><p style=\"text-align: center;\"><strong>ANYH:<\/strong> <strong>Associa\u00e7\u00e3o Nature and Man Portugal<\/strong><\/p>\n<p>The Associa\u00e7\u00e3o Nature and Man Portugal is a NGO whose mission is to promote nature conservation, rural development and biodiversity through the development of technical and scientific activities, the promotion of environmental education and sustainable tourism.<\/p>\n<p>The statutory activities include:<\/p>\n<ol>\n<li>a) Land management for nature conservation;<\/li>\n<li>b) To develop technical and scientific activities;<\/li>\n<li>c) To promote communication and dissemination in the field of the environment and, in particular, of its activities;<\/li>\n<li>d) To encourage the participation of companies and public and private institutions in actions related to the purpose of the association;<\/li>\n<li>e) To promote coordination with other international institutions pursuing the same objectives;<\/li>\n<li>f) To promote and organise courses, congresses, studies and research projects.<\/li>\n<\/ol>\n<\/div><div class=\"fusion-image-element \" style=\"text-align:center;--awb-margin-top:4%;--awb-max-width:400px;--awb-caption-title-font-family:var(--h2_typography-font-family);--awb-caption-title-font-weight:var(--h2_typography-font-weight);--awb-caption-title-font-style:var(--h2_typography-font-style);--awb-caption-title-size:var(--h2_typography-font-size);--awb-caption-title-transform:var(--h2_typography-text-transform);--awb-caption-title-line-height:var(--h2_typography-line-height);--awb-caption-title-letter-spacing:var(--h2_typography-letter-spacing);\"><span class=\" fusion-imageframe imageframe-none imageframe-4 hover-type-none\"><img decoding=\"async\" width=\"2295\" height=\"531\" title=\"Logotipo_del_Ministerio_para_la_Transici\u00f3n_Ecol\u00f3gica_y_el_Reto_Demogr\u00e1fico\" src=\"data:image\/svg+xml,%3Csvg%20xmlns%3D%27http%3A%2F%2Fwww.w3.org%2F2000%2Fsvg%27%20width%3D%272295%27%20height%3D%27531%27%20viewBox%3D%270%200%202295%20531%27%3E%3Crect%20width%3D%272295%27%20height%3D%27531%27%20fill-opacity%3D%220%22%2F%3E%3C%2Fsvg%3E\" data-orig-src=\"https:\/\/lifeprobv.quebrantahuesos.org\/wp-content\/uploads\/2023\/03\/Logotipo_del_Ministerio_para_la_Transicion_Ecologica_y_el_Reto_Demografico.svg\" alt class=\"lazyload img-responsive wp-image-3285\"\/><\/span><\/div><div class=\"fusion-text fusion-text-4 fusion-text-no-margin\" style=\"--awb-content-alignment:left;--awb-font-size:20px;--awb-text-color:var(--awb-color8);--awb-margin-top:4%;--awb-margin-bottom:4%;\"><p style=\"text-align: center;\"><strong>The Ministry for Ecological Transition and the Demographic Challenge of Spain (MITECO)<br \/>\nGeneral Directorate of Biodiversity, Forests and Desertification.<\/strong><\/p>\n<p>MITECO is responsible for proposing and implementing government policy, among others, for the protection of natural heritage and biodiversity, including the drafting of state legislation and the coordination of actions at the national level. Royal Decree 500\/2020 develops the basic organic structure of the Ministry for the Ecological Transition and the Demographic Challenge and establishes the main areas of competence on which the project acts:<\/p>\n<p>It corresponds to the Ministry for the Ecological Transition and the Demographic Challenge:<\/p>\n<p>The proposal and execution of the Government policy in the fight against climate change, the prevention of pollution, the protection of natural heritage, biodiversity, forests, the sea, water and energy for the transition towards a productive model and greener social.<\/p>\n<p>The development of state legislation on water and coasts, climate change, protection of biodiversity, environment, forests, meteorology, weather and science.<\/p>\n<p>The elaboration and development of the strategy and policy of the Government before the demographic challenge, as well as the proposal and execution of the policy of fight against the depopulation.<\/p>\n<p>The bearded vulture has suffered a drastic reduction in its populations in Spain during the 20th century, which has led to its area of \u200b\u200bdistribution being limited solely to the Pyrenees. The application of the Conservation Strategy has contributed to the increase in its population in recent decades. In this way, it has completely colonized the Pyrenees and has extended to the eastern end of the Cantabrian Mountains and the Basque Mountains. However, it continues to present important conservation problems and low reproductive productivity. This makes it necessary to apply reintroduction programs to favor its establishment outside the Pyrenees, such as those in the Sierra de Cazorla and the Cantabrian Mountains. After 10 years of implementation of the Strategy and thanks to the effort made with this proposal, it will be updated, adapting to the current reality.<\/p>\n<\/div><\/div><\/div><\/div><\/div><\/p>\n","protected":false},"excerpt":{"rendered":"","protected":false},"author":1,"featured_media":0,"parent":0,"menu_order":0,"comment_status":"closed","ping_status":"closed","template":"100-width.php","meta":{"footnotes":""},"class_list":["post-3511","page","type-page","status-publish","hentry"],"yoast_head":"<!-- This site is optimized with the Yoast SEO plugin v27.4 - https:\/\/yoast.com\/product\/yoast-seo-wordpress\/ -->\n<title>Partners - LIFEPROBV Corredores Ib\u00e9ricos Pro Quebrantahuesos<\/title>\n<meta name=\"robots\" content=\"index, follow, max-snippet:-1, max-image-preview:large, max-video-preview:-1\" \/>\n<link rel=\"canonical\" href=\"https:\/\/lifeprobv.quebrantahuesos.org\/en\/partners\/\" \/>\n<meta property=\"og:locale\" content=\"en_US\" \/>\n<meta property=\"og:type\" content=\"article\" \/>\n<meta property=\"og:title\" content=\"Partners - LIFEPROBV Corredores Ib\u00e9ricos Pro Quebrantahuesos\" \/>\n<meta property=\"og:url\" content=\"https:\/\/lifeprobv.quebrantahuesos.org\/en\/partners\/\" \/>\n<meta property=\"og:site_name\" content=\"LIFEPROBV Corredores Ib\u00e9ricos Pro Quebrantahuesos\" \/>\n<meta property=\"article:publisher\" content=\"https:\/\/www.facebook.com\/quebrantahuesos.org\/\" \/>\n<meta property=\"article:modified_time\" content=\"2023-05-09T17:34:12+00:00\" \/>\n<meta name=\"twitter:card\" content=\"summary_large_image\" \/>\n<meta name=\"twitter:site\" content=\"@fcqorg\" \/>\n<meta name=\"twitter:label1\" content=\"Est. reading time\" \/>\n\t<meta name=\"twitter:data1\" content=\"18 minutes\" \/>\n<script type=\"application\/ld+json\" class=\"yoast-schema-graph\">{\"@context\":\"https:\\\/\\\/schema.org\",\"@graph\":[{\"@type\":\"WebPage\",\"@id\":\"https:\\\/\\\/lifeprobv.quebrantahuesos.org\\\/en\\\/partners\\\/\",\"url\":\"https:\\\/\\\/lifeprobv.quebrantahuesos.org\\\/en\\\/partners\\\/\",\"name\":\"Partners - LIFEPROBV Corredores Ib\u00e9ricos Pro Quebrantahuesos\",\"isPartOf\":{\"@id\":\"https:\\\/\\\/lifeprobv.quebrantahuesos.org\\\/en\\\/#website\"},\"datePublished\":\"2022-06-29T19:01:38+00:00\",\"dateModified\":\"2023-05-09T17:34:12+00:00\",\"breadcrumb\":{\"@id\":\"https:\\\/\\\/lifeprobv.quebrantahuesos.org\\\/en\\\/partners\\\/#breadcrumb\"},\"inLanguage\":\"en-US\",\"potentialAction\":[{\"@type\":\"ReadAction\",\"target\":[\"https:\\\/\\\/lifeprobv.quebrantahuesos.org\\\/en\\\/partners\\\/\"]}]},{\"@type\":\"BreadcrumbList\",\"@id\":\"https:\\\/\\\/lifeprobv.quebrantahuesos.org\\\/en\\\/partners\\\/#breadcrumb\",\"itemListElement\":[{\"@type\":\"ListItem\",\"position\":1,\"name\":\"Portada\",\"item\":\"https:\\\/\\\/lifeprobv.quebrantahuesos.org\\\/en\\\/iberian-corridors-pro-bearded-vulture-life-pro-bv\\\/\"},{\"@type\":\"ListItem\",\"position\":2,\"name\":\"Partners\"}]},{\"@type\":\"WebSite\",\"@id\":\"https:\\\/\\\/lifeprobv.quebrantahuesos.org\\\/en\\\/#website\",\"url\":\"https:\\\/\\\/lifeprobv.quebrantahuesos.org\\\/en\\\/\",\"name\":\"LIFEPROBV Corredores Ib\u00e9ricos Pro Quebrantahuesos\",\"description\":\"\",\"publisher\":{\"@id\":\"https:\\\/\\\/lifeprobv.quebrantahuesos.org\\\/en\\\/#organization\"},\"potentialAction\":[{\"@type\":\"SearchAction\",\"target\":{\"@type\":\"EntryPoint\",\"urlTemplate\":\"https:\\\/\\\/lifeprobv.quebrantahuesos.org\\\/en\\\/?s={search_term_string}\"},\"query-input\":{\"@type\":\"PropertyValueSpecification\",\"valueRequired\":true,\"valueName\":\"search_term_string\"}}],\"inLanguage\":\"en-US\"},{\"@type\":\"Organization\",\"@id\":\"https:\\\/\\\/lifeprobv.quebrantahuesos.org\\\/en\\\/#organization\",\"name\":\"LIFEPROBV Corredores Ib\u00e9ricos Pro Quebrantahuesos\",\"url\":\"https:\\\/\\\/lifeprobv.quebrantahuesos.org\\\/en\\\/\",\"logo\":{\"@type\":\"ImageObject\",\"inLanguage\":\"en-US\",\"@id\":\"https:\\\/\\\/lifeprobv.quebrantahuesos.org\\\/en\\\/#\\\/schema\\\/logo\\\/image\\\/\",\"url\":\"https:\\\/\\\/lifeprobv.quebrantahuesos.org\\\/wp-content\\\/uploads\\\/2023\\\/03\\\/logo-LIFE-Pro-BV.jpg\",\"contentUrl\":\"https:\\\/\\\/lifeprobv.quebrantahuesos.org\\\/wp-content\\\/uploads\\\/2023\\\/03\\\/logo-LIFE-Pro-BV.jpg\",\"width\":2065,\"height\":1759,\"caption\":\"LIFEPROBV Corredores Ib\u00e9ricos Pro Quebrantahuesos\"},\"image\":{\"@id\":\"https:\\\/\\\/lifeprobv.quebrantahuesos.org\\\/en\\\/#\\\/schema\\\/logo\\\/image\\\/\"},\"sameAs\":[\"https:\\\/\\\/www.facebook.com\\\/quebrantahuesos.org\\\/\",\"https:\\\/\\\/x.com\\\/fcqorg\"]}]}<\/script>\n<!-- \/ Yoast SEO plugin. -->","yoast_head_json":{"title":"Partners - LIFEPROBV Corredores Ib\u00e9ricos Pro Quebrantahuesos","robots":{"index":"index","follow":"follow","max-snippet":"max-snippet:-1","max-image-preview":"max-image-preview:large","max-video-preview":"max-video-preview:-1"},"canonical":"https:\/\/lifeprobv.quebrantahuesos.org\/en\/partners\/","og_locale":"en_US","og_type":"article","og_title":"Partners - LIFEPROBV Corredores Ib\u00e9ricos Pro Quebrantahuesos","og_url":"https:\/\/lifeprobv.quebrantahuesos.org\/en\/partners\/","og_site_name":"LIFEPROBV Corredores Ib\u00e9ricos Pro Quebrantahuesos","article_publisher":"https:\/\/www.facebook.com\/quebrantahuesos.org\/","article_modified_time":"2023-05-09T17:34:12+00:00","twitter_card":"summary_large_image","twitter_site":"@fcqorg","twitter_misc":{"Est. reading time":"18 minutes"},"schema":{"@context":"https:\/\/schema.org","@graph":[{"@type":"WebPage","@id":"https:\/\/lifeprobv.quebrantahuesos.org\/en\/partners\/","url":"https:\/\/lifeprobv.quebrantahuesos.org\/en\/partners\/","name":"Partners - LIFEPROBV Corredores Ib\u00e9ricos Pro Quebrantahuesos","isPartOf":{"@id":"https:\/\/lifeprobv.quebrantahuesos.org\/en\/#website"},"datePublished":"2022-06-29T19:01:38+00:00","dateModified":"2023-05-09T17:34:12+00:00","breadcrumb":{"@id":"https:\/\/lifeprobv.quebrantahuesos.org\/en\/partners\/#breadcrumb"},"inLanguage":"en-US","potentialAction":[{"@type":"ReadAction","target":["https:\/\/lifeprobv.quebrantahuesos.org\/en\/partners\/"]}]},{"@type":"BreadcrumbList","@id":"https:\/\/lifeprobv.quebrantahuesos.org\/en\/partners\/#breadcrumb","itemListElement":[{"@type":"ListItem","position":1,"name":"Portada","item":"https:\/\/lifeprobv.quebrantahuesos.org\/en\/iberian-corridors-pro-bearded-vulture-life-pro-bv\/"},{"@type":"ListItem","position":2,"name":"Partners"}]},{"@type":"WebSite","@id":"https:\/\/lifeprobv.quebrantahuesos.org\/en\/#website","url":"https:\/\/lifeprobv.quebrantahuesos.org\/en\/","name":"LIFEPROBV Corredores Ib\u00e9ricos Pro Quebrantahuesos","description":"","publisher":{"@id":"https:\/\/lifeprobv.quebrantahuesos.org\/en\/#organization"},"potentialAction":[{"@type":"SearchAction","target":{"@type":"EntryPoint","urlTemplate":"https:\/\/lifeprobv.quebrantahuesos.org\/en\/?s={search_term_string}"},"query-input":{"@type":"PropertyValueSpecification","valueRequired":true,"valueName":"search_term_string"}}],"inLanguage":"en-US"},{"@type":"Organization","@id":"https:\/\/lifeprobv.quebrantahuesos.org\/en\/#organization","name":"LIFEPROBV Corredores Ib\u00e9ricos Pro Quebrantahuesos","url":"https:\/\/lifeprobv.quebrantahuesos.org\/en\/","logo":{"@type":"ImageObject","inLanguage":"en-US","@id":"https:\/\/lifeprobv.quebrantahuesos.org\/en\/#\/schema\/logo\/image\/","url":"https:\/\/lifeprobv.quebrantahuesos.org\/wp-content\/uploads\/2023\/03\/logo-LIFE-Pro-BV.jpg","contentUrl":"https:\/\/lifeprobv.quebrantahuesos.org\/wp-content\/uploads\/2023\/03\/logo-LIFE-Pro-BV.jpg","width":2065,"height":1759,"caption":"LIFEPROBV Corredores Ib\u00e9ricos Pro Quebrantahuesos"},"image":{"@id":"https:\/\/lifeprobv.quebrantahuesos.org\/en\/#\/schema\/logo\/image\/"},"sameAs":["https:\/\/www.facebook.com\/quebrantahuesos.org\/","https:\/\/x.com\/fcqorg"]}]}},"_links":{"self":[{"href":"https:\/\/lifeprobv.quebrantahuesos.org\/en\/wp-json\/wp\/v2\/pages\/3511","targetHints":{"allow":["GET"]}}],"collection":[{"href":"https:\/\/lifeprobv.quebrantahuesos.org\/en\/wp-json\/wp\/v2\/pages"}],"about":[{"href":"https:\/\/lifeprobv.quebrantahuesos.org\/en\/wp-json\/wp\/v2\/types\/page"}],"author":[{"embeddable":true,"href":"https:\/\/lifeprobv.quebrantahuesos.org\/en\/wp-json\/wp\/v2\/users\/1"}],"replies":[{"embeddable":true,"href":"https:\/\/lifeprobv.quebrantahuesos.org\/en\/wp-json\/wp\/v2\/comments?post=3511"}],"version-history":[{"count":2,"href":"https:\/\/lifeprobv.quebrantahuesos.org\/en\/wp-json\/wp\/v2\/pages\/3511\/revisions"}],"predecessor-version":[{"id":3513,"href":"https:\/\/lifeprobv.quebrantahuesos.org\/en\/wp-json\/wp\/v2\/pages\/3511\/revisions\/3513"}],"wp:attachment":[{"href":"https:\/\/lifeprobv.quebrantahuesos.org\/en\/wp-json\/wp\/v2\/media?parent=3511"}],"curies":[{"name":"wp","href":"https:\/\/api.w.org\/{rel}","templated":true}]}}